{"id":1172,"date":"2025-04-17T12:17:17","date_gmt":"2025-04-17T10:17:17","guid":{"rendered":"https:\/\/gitesduhameaudessens.com\/politique-de-cookies-ue\/"},"modified":"2025-04-17T12:20:36","modified_gmt":"2025-04-17T10:20:36","slug":"cookie-policy-eu","status":"publish","type":"page","link":"https:\/\/gitesduhameaudessens.com\/de\/politique-de-cookies-ue\/","title":{"rendered":"Cookie-Richtlinie (EU)"},"content":{"rendered":"<!-- Legal document generated by Complianz | GDPR\/CCPA Cookie Consent https:\/\/wordpress.org\/plugins\/complianz-gdpr -->\n<div id=\"cmplz-document\" class=\"cmplz-document cookie-statement cmplz-document-eu\"><p><i>This Cookie Policy was last updated on April 17, 2025 and applies to citizens and legal permanent residents of the European Economic Area and Switzerland.<\/i><br><\/p><h2>1. Einleitung<\/h2><p>Unsere Website, <a href=\"https:\/\/gitesduhameaudessens.com\/de\">https:\/\/gitesduhameaudessens.com\/de<\/a> (nachfolgend: \u00abdie Website\u00bb) verwendet Cookies und andere verwandte Technologien (der Einfachheit halber werden alle Technologien als \u00abCookies\u00bb bezeichnet). Cookies werden auch von Dritten gesetzt, die wir beauftragt haben. Im folgenden Dokument informieren wir Sie \u00fcber die Verwendung von Cookies auf unserer Website.<\/p><h2>2. Was sind Cookies?<\/h2><p>Ein Cookie ist eine kleine, einfache Datei, die mit den Seiten dieser Website verschickt und von Ihrem Browser auf der Festplatte Ihres Computers oder eines anderen Ger\u00e4ts gespeichert wird. Die darin gespeicherten Informationen k\u00f6nnen bei einem sp\u00e4teren Besuch an unsere Server oder an die Server der entsprechenden Drittparteien zur\u00fcckgesandt werden.<\/p><h2>3. Was sind Skripte?<\/h2><p>Ein Skript ist ein St\u00fcck Programmcode, das dazu dient, unsere Website funktionsf\u00e4hig und interaktiv zu gestalten. Dieser Code wird auf unserem Server oder auf Ihrem Ger\u00e4t ausgef\u00fchrt.<\/p><h2>4. Was ist ein Web-Beacon?<\/h2><p>Ein Web-Beacon (oder Pixel-Tag) ist ein kleines, unsichtbares St\u00fcck Text oder Bild auf einer Website, das dazu verwendet wird, den Datenverkehr auf einer Website zu \u00fcberwachen. Um dies zu tun, werden verschiedene Daten \u00fcber Sie mittels Web-Beacons gespeichert.<\/p><h2>5. Cookies<\/h2><p class=\"cmplz-subtitle\">5.1 Technische oder funktionale Cookies<\/p><p>Einige Cookies sorgen daf\u00fcr, dass bestimmte Teile der Website ordnungsgem\u00e4\u00df funktionieren und dass Ihre Benutzereinstellungen bekannt bleiben. Durch das Setzen von funktionsf\u00e4higen Cookies machen wir es Ihnen leichter, unsere Website zu besuchen. Auf diese Weise m\u00fcssen Sie beim Besuch unserer Website nicht wiederholt dieselben Informationen eingeben und z. B. bleiben die Artikel in Ihrem Einkaufswagen, bis Sie bezahlt haben. We may place these cookies without your consent.<\/p><p class=\"cmplz-subtitle\">5.2 Statistische Cookies<\/p><p>Wir verwenden statistische Cookies, um die Website-Erfahrung f\u00fcr unsere Nutzer zu optimieren. Mit Hilfe dieser statistischen Cookies erhalten wir Einblicke in die Nutzung unserer Website. Wir bitten Sie um Ihre Erlaubnis, statistische Cookies zu setzen.<\/p><p class=\"cmplz-subtitle\">5.3 Marketing\/Tracking Cookies<\/p><p>Marketing\/Tracking-Cookies sind Cookies oder jede andere Form der lokalen Speicherung, die zur Erstellung von Benutzerprofilen zur Anzeige von Werbung oder zur Verfolgung des Benutzers auf dieser Website oder \u00fcber mehrere Websites hinweg zu \u00e4hnlichen Marketingzwecken verwendet werden.<\/p><h2>6. Platzierte Cookies<\/h2><div id=\"cmplz-cookies-overview\"><\/div><h2>7. Einverst\u00e4ndnis<\/h2><p>Wenn Sie unsere Website zum ersten Mal besuchen, zeigen wir Ihnen ein Pop-up mit einer Erkl\u00e4rung zu Cookies. Sobald du auf \u00abEinstellungen speichern\u00bb klickst, stimmst du der Verwendung der Kategorien von Cookies und Plug-ins zu, die du in dem Pop-up ausgew\u00e4hlt hast, wie in dieser Cookie-Richtlinie beschrieben. Sie k\u00f6nnen die Verwendung von Cookies \u00fcber Ihren Browser deaktivieren, aber beachten Sie bitte, dass unsere Website dann m\u00f6glicherweise nicht mehr einwandfrei funktioniert.<\/p><p class=\"cmplz-subtitle\">7.1 Ihre Einverst\u00e4ndniseinstellungen verwalten<\/p><div id=\"cmplz-manage-consent-container-nojavascript\">You have loaded the Cookie Policy without javascript support.&nbsp;On AMP, you can use the manage consent button on the bottom of the page.<\/div><div id=\"cmplz-manage-consent-container\" name=\"cmplz-manage-consent-container\" class=\"cmplz-manage-consent-container\"><\/div><h2>8. Enabling\/disabling and deleting cookies<\/h2><p>Sie k\u00f6nnen Ihren Internetbrowser so verwenden, dass er Cookies automatisch oder manuell l\u00f6scht. Sie k\u00f6nnen auch festlegen, dass bestimmte Cookies nicht gesetzt werden d\u00fcrfen. Eine weitere M\u00f6glichkeit besteht darin, die Einstellungen Ihres Internetbrowsers so zu \u00e4ndern, dass Sie jedes Mal, wenn ein Cookie gesetzt wird, eine Nachricht erhalten. Weitere Informationen zu diesen Optionen finden Sie in den Anweisungen im Abschnitt Hilfe Ihres Browsers.<\/p><p>Bitte beachten Sie, dass unsere Website m\u00f6glicherweise nicht ordnungsgem\u00e4\u00df funktioniert, wenn alle Cookies deaktiviert sind. Wenn Sie die Cookies in Ihrem Browser l\u00f6schen, werden sie nach Ihrer Zustimmung erneut gesetzt, wenn Sie unsere Website erneut besuchen.<\/p><h2>9. Ihre Rechte in Bezug auf personenbezogene Daten<\/h2><p>Sie haben die folgenden Rechte in Bezug auf Ihre personenbezogenen Daten:<\/p><ul>\n                    <li>Sie haben das Recht zu wissen, warum Ihre pers\u00f6nlichen Daten ben\u00f6tigt werden, was mit ihnen geschehen wird und wie lange sie gespeichert werden.<\/li>\n                    <li>Recht auf Zugang: Sie haben das Recht, auf Ihre personenbezogenen Daten, die uns bekannt sind, zuzugreifen.<\/li>\n                    <li>Recht auf Berichtigung: Sie haben das Recht, Ihre personenbezogenen Daten jederzeit zu erg\u00e4nzen, zu korrigieren, zu l\u00f6schen oder zu sperren.<\/li>\n                    <li>Wenn Sie uns Ihre Zustimmung zur Verarbeitung Ihrer Daten geben, haben Sie das Recht, diese Zustimmung zu widerrufen und Ihre personenbezogenen Daten l\u00f6schen zu lassen.<\/li>\n                    <li>Recht auf \u00dcbertragung Ihrer Daten: Sie haben das Recht, alle Ihre personenbezogenen Daten vom Controller anzufordern und sie in ihrer Gesamtheit an einen anderen Controller zu \u00fcbertragen.<\/li>\n                    <li>Recht auf Einspruch: Sie k\u00f6nnen der Verarbeitung Ihrer Daten widersprechen. Wir halten uns daran, es sei denn, es gibt gerechtfertigte Gr\u00fcnde f\u00fcr die Verarbeitung.<\/li>\n                <\/ul><p>Um diese Rechte auszu\u00fcben, wenden Sie sich bitte an uns. Bitte beziehen Sie sich auf die Kontaktdaten am Ende dieser Cookie-Richtlinie. Wenn Sie eine Beschwerde dar\u00fcber haben, wie wir Ihre Daten verarbeiten, w\u00fcrden wir gerne von Ihnen h\u00f6ren, aber Sie haben auch das Recht, eine Beschwerde bei der Aufsichtsbeh\u00f6rde (der Datenschutzbeh\u00f6rde) einzureichen.<\/p><h2>10. Kontaktdetails<\/h2><p>Bei Fragen und\/oder Kommentaren zu unserer Cookie-Richtlinie und dieser Erkl\u00e4rung wenden Sie sich bitte an uns, indem Sie die folgenden Kontaktdaten verwenden:<\/p><p><span class=\"cmplz-contact-organisation\">SAS TRIPALE<\/span><br>\n                      <span class=\"cmplz-contact-address\">24 Rue des Calvaires, 57370 PHALSBOURG<\/span><br>\n                      <span class=\"cmplz-contact-country\">Frankreich<\/span><br>\n                      <span class=\"cmplz-contact-domain\">Website: <a href=\"https:\/\/gitesduhameaudessens.com\/de\">https:\/\/gitesduhameaudessens.com\/de<\/a><\/span><br>\n                      <span class=\"cmplz-contact-email\">Email: <span class=\"cmplz-obfuscate\">info@<span class=\"cmplz-fmail-domain\">ex.com<\/span>o&#117;&#101;&#115;t&#045;com&#109;&#117;&#110;i&#099;&#097;t&#105;&#111;&#110;&#046;&#099;om<\/span><\/span><br>\n                    <span class=\"cmplz-contact-telephone\">Telefonnummer: 0251203040<\/span><\/p><p>Diese Cookie-Richtlinie wurde synchronisiert mit <a href=\"https:\/\/cookiedatabase.org\/\" target=\"_blank\">cookiedatabase.org<\/a> on April 23, 2026.<\/p><\/div>","protected":false},"excerpt":{"rendered":"","protected":false},"author":1,"featured_media":297,"parent":0,"menu_order":0,"comment_status":"closed","ping_status":"closed","template":"","meta":{"_acf_changed":false,"_seopress_robots_primary_cat":"","_seopress_titles_title":"","_seopress_titles_desc":"","_seopress_robots_index":"","_vp_format_video_url":"","_vp_image_focal_point":[],"footnotes":""},"class_list":["post-1172","page","type-page","status-publish","has-post-thumbnail","hentry"],"acf":[],"_links":{"self":[{"href":"https:\/\/gitesduhameaudessens.com\/de\/wp-json\/wp\/v2\/pages\/1172","targetHints":{"allow":["GET"]}}],"collection":[{"href":"https:\/\/gitesduhameaudessens.com\/de\/wp-json\/wp\/v2\/pages"}],"about":[{"href":"https:\/\/gitesduhameaudessens.com\/de\/wp-json\/wp\/v2\/types\/page"}],"author":[{"embeddable":true,"href":"https:\/\/gitesduhameaudessens.com\/de\/wp-json\/wp\/v2\/users\/1"}],"replies":[{"embeddable":true,"href":"https:\/\/gitesduhameaudessens.com\/de\/wp-json\/wp\/v2\/comments?post=1172"}],"version-history":[{"count":1,"href":"https:\/\/gitesduhameaudessens.com\/de\/wp-json\/wp\/v2\/pages\/1172\/revisions"}],"predecessor-version":[{"id":1174,"href":"https:\/\/gitesduhameaudessens.com\/de\/wp-json\/wp\/v2\/pages\/1172\/revisions\/1174"}],"wp:featuredmedia":[{"embeddable":true,"href":"https:\/\/gitesduhameaudessens.com\/de\/wp-json\/wp\/v2\/media\/297"}],"wp:attachment":[{"href":"https:\/\/gitesduhameaudessens.com\/de\/wp-json\/wp\/v2\/media?parent=1172"}],"curies":[{"name":"wp","href":"https:\/\/api.w.org\/{rel}","templated":true}]}}