{"id":23,"date":"2025-02-27T16:09:28","date_gmt":"2025-02-27T15:09:28","guid":{"rendered":"https:\/\/gitesduhameaudessens.com\/?page_id=23"},"modified":"2025-04-07T15:10:37","modified_gmt":"2025-04-07T13:10:37","slug":"sitemap","status":"publish","type":"page","link":"https:\/\/gitesduhameaudessens.com\/de\/plan-du-site\/","title":{"rendered":"Sitemap"},"content":{"rendered":"<div class=\"wp-block-wpseopress-sitemap\"><div class=\"wrap-html-sitemap sp-html-sitemap\"><div class=\"sp-wrap-cpt\"><h2 class=\"sp-cpt-name\">Seiten<\/h2><ul class=\"sp-list-posts sp-cpt-hierarchical\"><li class=\"page_item page-item-1246\"><a href=\"https:\/\/gitesduhameaudessens.com\/de\/services-gite-moselle\/\">Die Dienste<\/a><\/li><li class=\"page_item page-item-1217\"><a href=\"https:\/\/gitesduhameaudessens.com\/de\/massage-signature-des-sens\/\">Massage \"Signature des Sens\" (Unterschrift der Sinne)<\/a><\/li><li class=\"page_item page-item-1172\"><a href=\"https:\/\/gitesduhameaudessens.com\/de\/politique-de-cookies-ue\/\">Cookie-Richtlinie (EU)<\/a><\/li><li class=\"page_item page-item-1173\"><a href=\"https:\/\/gitesduhameaudessens.com\/de\/declaration-de-confidentialite-ue\/\">Datenschutzerkl\u00e4rung (EU)<\/a><\/li><li class=\"page_item page-item-310\"><a href=\"https:\/\/gitesduhameaudessens.com\/de\/activites\/\">Freizeit- &amp; Kulturbesuche<\/a><\/li><li class=\"page_item page-item-304\"><a href=\"https:\/\/gitesduhameaudessens.com\/de\/nature-alsace-lorraine\/\">Seite der Natur<\/a><\/li><li class=\"page_item page-item-288\"><a href=\"https:\/\/gitesduhameaudessens.com\/de\/gastronomie\/\">Gastronomie und romantische Erwartungen<\/a><\/li><li class=\"page_item page-item-262\"><a href=\"https:\/\/gitesduhameaudessens.com\/de\/chalets-avec-bains-nordiques\/\">Chalets und private nordische B\u00e4der<\/a><\/li><li class=\"page_item page-item-247\"><a href=\"https:\/\/gitesduhameaudessens.com\/de\/informations-pratiques\/\">FAQ<\/a><\/li><li class=\"page_item page-item-243\"><a href=\"https:\/\/gitesduhameaudessens.com\/de\/avis-clients\/\">Kundenmeinungen<\/a><\/li><li class=\"page_item page-item-199\"><a href=\"https:\/\/gitesduhameaudessens.com\/de\/contact\/\">Kontakt &amp; Anreise<\/a><\/li><li class=\"page_item page-item-194\"><a href=\"https:\/\/gitesduhameaudessens.com\/de\/mentions-legales\/\">Rechtliche Hinweise<\/a><\/li><li class=\"page_item page-item-23\"><a href=\"https:\/\/gitesduhameaudessens.com\/de\/plan-du-site\/\">Sitemap<\/a><\/li><\/ul><\/div><\/div><\/div>","protected":false},"excerpt":{"rendered":"","protected":false},"author":1,"featured_media":221,"parent":0,"menu_order":0,"comment_status":"closed","ping_status":"closed","template":"","meta":{"_acf_changed":false,"_seopress_robots_primary_cat":"","_seopress_titles_title":"Plan du site | G\u00eete Le Hameau des Sens","_seopress_titles_desc":"Site internet du g\u00eete du Hameau des Sens situ\u00e9 en Moselle. Gite avec bain nordique privatif pr\u00e8s de Strasbourg.","_seopress_robots_index":"","_vp_format_video_url":"","_vp_image_focal_point":[],"footnotes":""},"class_list":["post-23","page","type-page","status-publish","has-post-thumbnail","hentry"],"acf":[],"_links":{"self":[{"href":"https:\/\/gitesduhameaudessens.com\/de\/wp-json\/wp\/v2\/pages\/23","targetHints":{"allow":["GET"]}}],"collection":[{"href":"https:\/\/gitesduhameaudessens.com\/de\/wp-json\/wp\/v2\/pages"}],"about":[{"href":"https:\/\/gitesduhameaudessens.com\/de\/wp-json\/wp\/v2\/types\/page"}],"author":[{"embeddable":true,"href":"https:\/\/gitesduhameaudessens.com\/de\/wp-json\/wp\/v2\/users\/1"}],"replies":[{"embeddable":true,"href":"https:\/\/gitesduhameaudessens.com\/de\/wp-json\/wp\/v2\/comments?post=23"}],"version-history":[{"count":5,"href":"https:\/\/gitesduhameaudessens.com\/de\/wp-json\/wp\/v2\/pages\/23\/revisions"}],"predecessor-version":[{"id":957,"href":"https:\/\/gitesduhameaudessens.com\/de\/wp-json\/wp\/v2\/pages\/23\/revisions\/957"}],"wp:featuredmedia":[{"embeddable":true,"href":"https:\/\/gitesduhameaudessens.com\/de\/wp-json\/wp\/v2\/media\/221"}],"wp:attachment":[{"href":"https:\/\/gitesduhameaudessens.com\/de\/wp-json\/wp\/v2\/media?parent=23"}],"curies":[{"name":"wp","href":"https:\/\/api.w.org\/{rel}","templated":true}]}}